{"id":194,"date":"2013-02-15T10:34:32","date_gmt":"2013-02-15T09:34:32","guid":{"rendered":"http:\/\/dynamolab.umed.pl\/?page_id=194"},"modified":"2013-02-20T12:13:36","modified_gmt":"2013-02-20T11:13:36","slug":"wydarzenia-sponsorowane-przez-dynamolab","status":"publish","type":"page","link":"https:\/\/dynamolab.umed.pl\/?page_id=194","title":{"rendered":"Wydarzenia sponsorowane przez DynamoLab"},"content":{"rendered":"<ul>\n<li style=\"text-align: justify;\">Sponsorowanie XII Mi\u0119dzynarodowego Wy\u015bcigu Kolarskiego \u201ePuchar Uzdrowisk Karpackich\u201d (Iwonicz Zdr\u00f3j, 12.08.2012)<\/li>\n<li style=\"text-align: justify;\">Sponsorowanie XIV Mi\u0119dzynarodowego Wy\u015bcigu Kolarskiego \u201eMemoria\u0142 Henryka \u0141asaka\u201d (Sucha Beskidzka, 11.08.2012)<\/li>\n<li style=\"text-align: justify;\">Sponsorowanie Mistrzostw Polski w Kolarstwie G\u00f3rskim (Kielce, 6 \u2013 8.07.2012)<\/li>\n<li style=\"text-align: justify;\">Sponsorowanie Og\u00f3lnopolskiego Pikniku Rowerowego Medicycling MTB CUP (Zgierz \u2013 Malinka, 30.06.2012)<\/li>\n<\/ul>\n","protected":false},"excerpt":{"rendered":"<p>Sponsorowanie XII Mi\u0119dzynarodowego Wy\u015bcigu Kolarskiego \u201ePuchar Uzdrowisk Karpackich\u201d (Iwonicz Zdr\u00f3j, 12.08.2012) Sponsorowanie XIV Mi\u0119dzynarodowego Wy\u015bcigu Kolarskiego \u201eMemoria\u0142 Henryka \u0141asaka\u201d (Sucha Beskidzka, 11.08.2012) Sponsorowanie Mistrzostw Polski w Kolarstwie G\u00f3rskim (Kielce, 6 \u2013 8.07.2012) Sponsorowanie Og\u00f3lnopolskiego Pikniku Rowerowego Medicycling MTB CUP (Zgierz \u2013 Malinka, 30.06.2012)<\/p>\n","protected":false},"author":7,"featured_media":0,"parent":0,"menu_order":0,"comment_status":"open","ping_status":"open","template":"","meta":{"ngg_post_thumbnail":0,"footnotes":""},"class_list":["post-194","page","type-page","status-publish","hentry"],"publishpress_future_action":{"enabled":false,"date":"2026-05-15 19:14:23","action":"change-status","newStatus":"draft","terms":[],"taxonomy":"","extraData":[]},"publishpress_future_workflow_manual_trigger":{"enabledWorkflows":[]},"_links":{"self":[{"href":"https:\/\/dynamolab.umed.pl\/index.php?rest_route=\/wp\/v2\/pages\/194","targetHints":{"allow":["GET"]}}],"collection":[{"href":"https:\/\/dynamolab.umed.pl\/index.php?rest_route=\/wp\/v2\/pages"}],"about":[{"href":"https:\/\/dynamolab.umed.pl\/index.php?rest_route=\/wp\/v2\/types\/page"}],"author":[{"embeddable":true,"href":"https:\/\/dynamolab.umed.pl\/index.php?rest_route=\/wp\/v2\/users\/7"}],"replies":[{"embeddable":true,"href":"https:\/\/dynamolab.umed.pl\/index.php?rest_route=%2Fwp%2Fv2%2Fcomments&post=194"}],"version-history":[{"count":6,"href":"https:\/\/dynamolab.umed.pl\/index.php?rest_route=\/wp\/v2\/pages\/194\/revisions"}],"predecessor-version":[{"id":196,"href":"https:\/\/dynamolab.umed.pl\/index.php?rest_route=\/wp\/v2\/pages\/194\/revisions\/196"}],"wp:attachment":[{"href":"https:\/\/dynamolab.umed.pl\/index.php?rest_route=%2Fwp%2Fv2%2Fmedia&parent=194"}],"curies":[{"name":"wp","href":"https:\/\/api.w.org\/{rel}","templated":true}]}}