{"id":213,"date":"2013-02-15T10:57:52","date_gmt":"2013-02-15T09:57:52","guid":{"rendered":"http:\/\/dynamolab.umed.pl\/?page_id=213"},"modified":"2014-09-02T08:03:36","modified_gmt":"2014-09-02T06:03:36","slug":"galeria","status":"publish","type":"page","link":"https:\/\/dynamolab.umed.pl\/?page_id=213","title":{"rendered":"Galeria"},"content":{"rendered":"<\/p>\n<ul>\n<li><strong>2014.07.09-10 Reprezentacja Polski w Skokach Narciarskich w DynamoLab <\/strong>ngg_shortcode_0_placeholder<\/li>\n<li><strong>2014.06.21 Medicycling MTB CUP <\/strong>ngg_shortcode_1_placeholder<\/li>\n<li><strong>2014.05.12-19 Wizyta zespo\u0142u DynamoLab w University of Hertfordshire &#8211; Hatfield, UK <\/strong>ngg_shortcode_2_placeholder<\/li>\n<li><strong>2014.05.09 10-lecie Polski w Unii Europejskiej w DynamoLab <\/strong>ngg_shortcode_3_placeholder<\/li>\n<li><strong>2014.02.10 Zawodniczki TKK Pacific Toru\u0144- Kobiety w DynamoLab <\/strong>ngg_shortcode_4_placeholder<\/li>\n<li><strong>2014.01.15-16 S\u0119dziowie PZPN w DynamoLab <\/strong>ngg_shortcode_5_placeholder<\/li>\n<li><strong>2013.12.2 Spotkanie SKN DynamoLab. Inauguracja roku akademickiego: 2013\/2014 <\/strong>ngg_shortcode_6_placeholder<\/li>\n<li><strong>2013.11 DynamoLab wspiera m\u0142odych pi\u0142karzy <\/strong>ngg_shortcode_7_placeholder<\/li>\n<li><strong>2013.10.24-25 XII Konferencja Nowoczesne Technologie W Medycynie Sportowej &#8211; \u0141\u00f3d\u017a <\/strong>ngg_shortcode_8_placeholder<\/li>\n<li><strong>2013.09.26 I Forum Spo\u0142eczno-Naukowe o Zdrowym Starzeniu si\u0119 &#8211; \u0141\u00f3d\u017a <\/strong>ngg_shortcode_9_placeholder<\/li>\n<li><strong>2013.09.16-22 Wizyta zespo\u0142u DynamoLab w BTS Bioengineering i Laboratorio di Analisi della Postura e del Movimento &#8222;Luigi Divieti&#8221; &#8211; Mediolan <\/strong>ngg_shortcode_10_placeholder<\/li>\n<li><strong>2013.03.20 Drzwi Otwarte Uniwersytetu Medycznego w \u0141odzi <\/strong>ngg_shortcode_11_placeholder<\/li>\n<li><strong>2012.11.12 Inauguracja SKN DynamoLab <\/strong>ngg_shortcode_12_placeholder<\/li>\n<li><strong>2012.08.13-14 Siatkarki Organika Budowlani w DynamoLab <\/strong>ngg_shortcode_13_placeholder<\/li>\n<li><strong>2012.08.12 XIII Mi\u0119dzynarodowy Wy\u015bcig Kolarski Puchar Uzdrowisk Karpackich, Iwonicz Zdr\u00f3j<\/strong>ngg_shortcode_14_placeholder<\/li>\n<li><strong>2012.08.11 XIV Mi\u0119dzynarodowy Wy\u015bcig Kolarski Memoria\u0142 Henryka \u0141asaka, Sucha Beskidzka <\/strong>ngg_shortcode_15_placeholder<\/li>\n<li><strong>2012.07.6-8 Mistrzostwa Polski w Kolarstwie G\u00f3rskim, Kielce <\/strong>ngg_shortcode_16_placeholder<\/li>\n<li><strong>2012.06.30 Medicycling MTB CUP <\/strong>ngg_shortcode_17_placeholder<\/li>\n<li><strong>2012.05.23-25 XIII zjazd Komisji Uczelni Mundurowych <\/strong>ngg_shortcode_18_placeholder<\/li>\n<li><strong>2012.03.22 Drzwi Otwarte Uniwersytetu Medycznego w \u0141odzi<\/strong> ngg_shortcode_19_placeholder<\/li>\n<li><strong>2012.03.03 &#8222;Spotkanie u\u017cytkownik\u00f3w&#8221; Gliwice<\/strong> ngg_shortcode_20_placeholder<\/li>\n<li><strong>2012.02.29 Martin Diaconis w DynamoLab <\/strong>ngg_shortcode_21_placeholder<\/li>\n<li><strong>2012.01.28-30 Kurs BTS Gliwice <\/strong>ngg_shortcode_22_placeholder<\/li>\n<li><strong>2011.12.17-19 Kurs sEMG Gliwice\u00a0<\/strong>ngg_shortcode_23_placeholder<\/li>\n<\/ul>\n<\/li>\n<\/ul>\n","protected":false},"excerpt":{"rendered":"<p>2014.07.09-10 Reprezentacja Polski w Skokach Narciarskich w DynamoLab 2014.06.21 Medicycling MTB CUP 2014.05.12-19 Wizyta zespo\u0142u DynamoLab w University of Hertfordshire &#8211; Hatfield, UK 2014.05.09 10-lecie Polski w Unii Europejskiej w DynamoLab 2014.02.10 Zawodniczki TKK Pacific Toru\u0144- Kobiety w DynamoLab 2014.01.15-16 S\u0119dziowie PZPN w DynamoLab 2013.12.2 Spotkanie SKN DynamoLab. Inauguracja roku akademickiego: 2013\/2014 2013.11 DynamoLab wspiera<\/p>\n","protected":false},"author":7,"featured_media":0,"parent":0,"menu_order":0,"comment_status":"closed","ping_status":"closed","template":"","meta":{"ngg_post_thumbnail":0,"footnotes":""},"class_list":["post-213","page","type-page","status-publish","hentry"],"publishpress_future_action":{"enabled":false,"date":"2026-05-20 17:27:28","action":"change-status","newStatus":"draft","terms":[],"taxonomy":"","extraData":[]},"publishpress_future_workflow_manual_trigger":{"enabledWorkflows":[]},"_links":{"self":[{"href":"https:\/\/dynamolab.umed.pl\/index.php?rest_route=\/wp\/v2\/pages\/213","targetHints":{"allow":["GET"]}}],"collection":[{"href":"https:\/\/dynamolab.umed.pl\/index.php?rest_route=\/wp\/v2\/pages"}],"about":[{"href":"https:\/\/dynamolab.umed.pl\/index.php?rest_route=\/wp\/v2\/types\/page"}],"author":[{"embeddable":true,"href":"https:\/\/dynamolab.umed.pl\/index.php?rest_route=\/wp\/v2\/users\/7"}],"replies":[{"embeddable":true,"href":"https:\/\/dynamolab.umed.pl\/index.php?rest_route=%2Fwp%2Fv2%2Fcomments&post=213"}],"version-history":[{"count":61,"href":"https:\/\/dynamolab.umed.pl\/index.php?rest_route=\/wp\/v2\/pages\/213\/revisions"}],"predecessor-version":[{"id":215,"href":"https:\/\/dynamolab.umed.pl\/index.php?rest_route=\/wp\/v2\/pages\/213\/revisions\/215"}],"wp:attachment":[{"href":"https:\/\/dynamolab.umed.pl\/index.php?rest_route=%2Fwp%2Fv2%2Fmedia&parent=213"}],"curies":[{"name":"wp","href":"https:\/\/api.w.org\/{rel}","templated":true}]}}