{"id":216,"date":"2013-02-15T11:05:34","date_gmt":"2013-02-15T10:05:34","guid":{"rendered":"http:\/\/dynamolab.umed.pl\/?page_id=216"},"modified":"2021-06-08T15:18:31","modified_gmt":"2021-06-08T13:18:31","slug":"testy-czynnosciowe-ukladu-oddechowego","status":"publish","type":"page","link":"https:\/\/dynamolab.umed.pl\/?page_id=216","title":{"rendered":"Testy czynno\u015bciowe uk\u0142adu oddechowego"},"content":{"rendered":"<ul>\n<li><strong><strong><em>Spirometria <\/em><\/strong><\/strong>\n<p style=\"text-align: justify;\">Spirometria to badanie podczas kt\u00f3rego mierzy si\u0119 obj\u0119to\u015bci i pojemno\u015bci p\u0142uc oraz przep\u0142ywy powietrza znajduj\u0105cego si\u0119 w p\u0142ucach i oskrzelach w r\u00f3\u017cnych fazach cyklu oddechowego. Spirometria ma na celu okre\u015blenie rezerw wentylacyjnych uk\u0142adu oddechowego. Spirometry<strong> CPFS\/D MedGraphics<\/strong> umo\u017cliwiaj\u0105 pomiar SVC, FVC, MVV i ocen\u0119 pre-post.&nbsp; Spe\u0142niaj\u0105 wymagania ATS i ERS w zakresie dok\u0142adno\u015bci i powtarzalno\u015bci. Oprogramowanie umo\u017cliwia wykonanie pe\u0142nej spirometrii, krzywych przep\u0142yw\u00f3w oddechowych, ocen\u0119 pr\u00f3by rozkurczowej i prowokacyjnej.<\/p>\n<\/li>\n<li>\n<p style=\"text-align: justify;\"><strong><em>Bodypletyzmografia <\/em><\/strong><\/p>\n<p style=\"text-align: justify;\">Kabina pletyzmograficzna (Body plethysmograph <strong>Elite Platinum DX<\/strong>) z analiz\u0105 dyfuzji i obj\u0119to\u015bci p\u0142uc metod\u0105 washout zapewnia kompletny zestaw test\u00f3w diagnostycznych, obejmuj\u0105cych r\u00f3wnie\u017c oporno\u015b\u0107 dr\u00f3g oddechowych i ca\u0142kowit\u0105 obj\u0119to\u015b\u0107 p\u0142uc, co umo\u017cliwia dok\u0142adne badanie pacjenta. Kabina wyposa\u017cona jest w automatyczn\u0105 kontrol\u0119 wiarygodno\u015bci i poprawno\u015bci wykonanego badania spirometrycznego zgodnie z zaleceniami ERS\/ATS. Budowa urz\u0105dzenia pozwala r\u00f3wnie\u017c na wykonywanie pe\u0142nych bada\u0144 spirometrycznych, dyfuzyjnych i TGV () u pacjent\u00f3w na w\u00f3zku inwalidzkim (bez konieczno\u015bci jego opuszczania) oraz u dzieci. Urz\u0105dzenie umo\u017cliwia badanie TLC (ca\u0142kowitej pojemno\u015bci p\u0142uc), DLCO (pojemno\u015bci dyfuzyjna p\u0142uc dla tlenku w\u0119gla), Raw (oporno\u015bci dr\u00f3g oddechowych), kondunktacji, krzywych przep\u0142yw\u00f3w, krzywych przep\u0142yw\u00f3w oddechowych oraz maksymalnych ci\u015bnie\u0144 wdechowych i wydechowych, pr\u00f3b prowokacyjnych i rozkurczowych.<\/p>\n<p><a href=\"http:\/\/dynamolab.umed.pl\/wp-content\/uploads\/2013\/02\/DSC_5932.jpg\"><img loading=\"lazy\" decoding=\"async\" class=\"alignnone wp-image-305 size-medium\" title=\"DSC_5932\" src=\"http:\/\/dynamolab.umed.pl\/wp-content\/uploads\/2013\/02\/DSC_5932-300x200.jpg\" alt=\"Bodypletyzmografia\" width=\"300\" height=\"200\" srcset=\"https:\/\/dynamolab.umed.pl\/wp-content\/uploads\/2013\/02\/DSC_5932-300x200.jpg 300w, https:\/\/dynamolab.umed.pl\/wp-content\/uploads\/2013\/02\/DSC_5932-1024x685.jpg 1024w, https:\/\/dynamolab.umed.pl\/wp-content\/uploads\/2013\/02\/DSC_5932-600x401.jpg 600w\" sizes=\"auto, (max-width: 300px) 100vw, 300px\" \/><\/a> &nbsp;&nbsp; <a href=\"http:\/\/dynamolab.umed.pl\/wp-content\/uploads\/2013\/02\/DSC_5929.jpg\"><img loading=\"lazy\" decoding=\"async\" class=\"alignnone wp-image-304 size-medium\" title=\"DSC_5929\" src=\"http:\/\/dynamolab.umed.pl\/wp-content\/uploads\/2013\/02\/DSC_5929-300x200.jpg\" alt=\"Kabina pletyzmograficzna\" width=\"300\" height=\"200\" srcset=\"https:\/\/dynamolab.umed.pl\/wp-content\/uploads\/2013\/02\/DSC_5929-300x200.jpg 300w, https:\/\/dynamolab.umed.pl\/wp-content\/uploads\/2013\/02\/DSC_5929-1024x685.jpg 1024w, https:\/\/dynamolab.umed.pl\/wp-content\/uploads\/2013\/02\/DSC_5929-600x401.jpg 600w\" sizes=\"auto, (max-width: 300px) 100vw, 300px\" \/><\/a><\/li>\n<\/ul>\n","protected":false},"excerpt":{"rendered":"<p>Spirometria Spirometria to badanie podczas kt\u00f3rego mierzy si\u0119 obj\u0119to\u015bci i pojemno\u015bci p\u0142uc oraz przep\u0142ywy powietrza znajduj\u0105cego si\u0119 w p\u0142ucach i oskrzelach w r\u00f3\u017cnych fazach cyklu oddechowego. Spirometria ma na celu okre\u015blenie rezerw wentylacyjnych uk\u0142adu oddechowego. Spirometry CPFS\/D MedGraphics umo\u017cliwiaj\u0105 pomiar SVC, FVC, MVV i ocen\u0119 pre-post.&nbsp; Spe\u0142niaj\u0105 wymagania ATS i ERS w zakresie dok\u0142adno\u015bci i<\/p>\n","protected":false},"author":7,"featured_media":0,"parent":0,"menu_order":0,"comment_status":"closed","ping_status":"closed","template":"","meta":{"ngg_post_thumbnail":0,"footnotes":""},"class_list":["post-216","page","type-page","status-publish","hentry"],"publishpress_future_action":{"enabled":false,"date":"2026-05-23 03:12:25","action":"change-status","newStatus":"draft","terms":[],"taxonomy":"","extraData":[]},"publishpress_future_workflow_manual_trigger":{"enabledWorkflows":[]},"_links":{"self":[{"href":"https:\/\/dynamolab.umed.pl\/index.php?rest_route=\/wp\/v2\/pages\/216","targetHints":{"allow":["GET"]}}],"collection":[{"href":"https:\/\/dynamolab.umed.pl\/index.php?rest_route=\/wp\/v2\/pages"}],"about":[{"href":"https:\/\/dynamolab.umed.pl\/index.php?rest_route=\/wp\/v2\/types\/page"}],"author":[{"embeddable":true,"href":"https:\/\/dynamolab.umed.pl\/index.php?rest_route=\/wp\/v2\/users\/7"}],"replies":[{"embeddable":true,"href":"https:\/\/dynamolab.umed.pl\/index.php?rest_route=%2Fwp%2Fv2%2Fcomments&post=216"}],"version-history":[{"count":5,"href":"https:\/\/dynamolab.umed.pl\/index.php?rest_route=\/wp\/v2\/pages\/216\/revisions"}],"predecessor-version":[{"id":950,"href":"https:\/\/dynamolab.umed.pl\/index.php?rest_route=\/wp\/v2\/pages\/216\/revisions\/950"}],"wp:attachment":[{"href":"https:\/\/dynamolab.umed.pl\/index.php?rest_route=%2Fwp%2Fv2%2Fmedia&parent=216"}],"curies":[{"name":"wp","href":"https:\/\/api.w.org\/{rel}","templated":true}]}}