{"id":29,"date":"2012-08-22T16:27:13","date_gmt":"2012-08-22T14:27:13","guid":{"rendered":"http:\/\/dynamolab.umed.pl\/?page_id=29"},"modified":"2013-02-19T07:56:02","modified_gmt":"2013-02-19T06:56:02","slug":"analiza-ruchu","status":"publish","type":"page","link":"https:\/\/dynamolab.umed.pl\/?page_id=29","title":{"rendered":"Analiza ruchu"},"content":{"rendered":"<ul>\n<ul>\n<li><span style=\"font-size: small;\"><strong><a href=\"http:\/\/dynamolab.umed.pl\/?page_id=22\" target=\"_blank\">Analiza czynno\u015bci ruchowych<\/a><\/strong><\/span><\/li>\n<li><span style=\"font-size: small;\"><strong><a style=\"font-size: small;\" href=\"http:\/\/dynamolab.umed.pl\/?page_id=34\" target=\"_blank\">Elektromiografia kinezjologiczna<\/a><\/strong><\/span><\/li>\n<li><span style=\"font-size: small;\"><strong><a style=\"font-size: small;\" href=\"http:\/\/dynamolab.umed.pl\/?page_id=36\" target=\"_blank\">Ocena reakcji si\u0142 pod\u0142o\u017ca<\/a><\/strong><\/span><\/li>\n<li><span style=\"font-size: small;\"><strong><a style=\"font-size: small;\" href=\"http:\/\/dynamolab.umed.pl\/?page_id=38\" target=\"_blank\">Posturografia<\/a><\/strong><\/span><\/li>\n<li><span style=\"font-size: small;\"><strong><a style=\"font-size: small;\" href=\"http:\/\/dynamolab.umed.pl\/?page_id=40\" target=\"_blank\">Dynamometria<\/a><\/strong><\/span><\/li>\n<li><span style=\"font-size: small;\"><strong><a style=\"font-size: small;\" href=\"http:\/\/dynamolab.umed.pl\/?page_id=42\" target=\"_blank\">Analiza skoku<\/a><\/strong><\/span><\/li>\n<\/ul>\n<\/ul>\n<p>&nbsp;<\/p>\n","protected":false},"excerpt":{"rendered":"<p>Analiza czynno\u015bci ruchowych Elektromiografia kinezjologiczna Ocena reakcji si\u0142 pod\u0142o\u017ca Posturografia Dynamometria Analiza skoku &nbsp;<\/p>\n","protected":false},"author":7,"featured_media":0,"parent":0,"menu_order":0,"comment_status":"open","ping_status":"open","template":"","meta":{"ngg_post_thumbnail":0,"footnotes":""},"class_list":["post-29","page","type-page","status-publish","hentry"],"publishpress_future_action":{"enabled":false,"date":"2026-05-20 17:26:49","action":"change-status","newStatus":"draft","terms":[],"taxonomy":"","extraData":[]},"publishpress_future_workflow_manual_trigger":{"enabledWorkflows":[]},"_links":{"self":[{"href":"https:\/\/dynamolab.umed.pl\/index.php?rest_route=\/wp\/v2\/pages\/29","targetHints":{"allow":["GET"]}}],"collection":[{"href":"https:\/\/dynamolab.umed.pl\/index.php?rest_route=\/wp\/v2\/pages"}],"about":[{"href":"https:\/\/dynamolab.umed.pl\/index.php?rest_route=\/wp\/v2\/types\/page"}],"author":[{"embeddable":true,"href":"https:\/\/dynamolab.umed.pl\/index.php?rest_route=\/wp\/v2\/users\/7"}],"replies":[{"embeddable":true,"href":"https:\/\/dynamolab.umed.pl\/index.php?rest_route=%2Fwp%2Fv2%2Fcomments&post=29"}],"version-history":[{"count":10,"href":"https:\/\/dynamolab.umed.pl\/index.php?rest_route=\/wp\/v2\/pages\/29\/revisions"}],"predecessor-version":[{"id":31,"href":"https:\/\/dynamolab.umed.pl\/index.php?rest_route=\/wp\/v2\/pages\/29\/revisions\/31"}],"wp:attachment":[{"href":"https:\/\/dynamolab.umed.pl\/index.php?rest_route=%2Fwp%2Fv2%2Fmedia&parent=29"}],"curies":[{"name":"wp","href":"https:\/\/api.w.org\/{rel}","templated":true}]}}