{"id":34,"date":"2012-08-22T16:30:09","date_gmt":"2012-08-22T14:30:09","guid":{"rendered":"http:\/\/dynamolab.umed.pl\/?page_id=34"},"modified":"2021-06-08T14:34:21","modified_gmt":"2021-06-08T12:34:21","slug":"elektromiografia-kinezjologiczna","status":"publish","type":"page","link":"https:\/\/dynamolab.umed.pl\/?page_id=34","title":{"rendered":"Elektromiografia kinezjologiczna"},"content":{"rendered":"<\/p>\n<p style=\"text-align: justify;\"><strong>BTS FREEMG300<\/strong> to zestaw do analizy aktywno\u015bci mi\u0119\u015bniowej, w technologii mobilnej z systemem bezprzewodowej transmisji. System zawiera 16 kana\u0142\u00f3w dedykowanych do rejestracji sygna\u0142u EMG oraz kana\u0142y przeznaczone do pod\u0142\u0105czenia marker\u00f3w faz chodu (tzw. \u201e<em>footswitch<\/em>\u201d).<\/p>\n<p style=\"text-align: justify;\"><a href=\"http:\/\/dynamolab.umed.pl\/wp-content\/uploads\/2012\/08\/DSC_3774.jpg\"><img loading=\"lazy\" decoding=\"async\" class=\"alignnone wp-image-276 size-medium\" title=\"DSC_3774\" src=\"http:\/\/dynamolab.umed.pl\/wp-content\/uploads\/2012\/08\/DSC_3774-200x300.jpg\" alt=\"Elektromiografia kinezjologiczna\" width=\"200\" height=\"300\" srcset=\"https:\/\/dynamolab.umed.pl\/wp-content\/uploads\/2012\/08\/DSC_3774-200x300.jpg 200w, https:\/\/dynamolab.umed.pl\/wp-content\/uploads\/2012\/08\/DSC_3774-685x1024.jpg 685w, https:\/\/dynamolab.umed.pl\/wp-content\/uploads\/2012\/08\/DSC_3774-600x896.jpg 600w\" sizes=\"auto, (max-width: 200px) 100vw, 200px\" \/><\/a>&nbsp;<a href=\"http:\/\/dynamolab.umed.pl\/wp-content\/uploads\/2012\/08\/DSC_3780.jpg\"><img loading=\"lazy\" decoding=\"async\" class=\"alignnone wp-image-277 size-medium\" title=\"DSC_3780\" src=\"http:\/\/dynamolab.umed.pl\/wp-content\/uploads\/2012\/08\/DSC_3780-200x300.jpg\" alt=\"BTS FREEMG300\" width=\"200\" height=\"300\" srcset=\"https:\/\/dynamolab.umed.pl\/wp-content\/uploads\/2012\/08\/DSC_3780-200x300.jpg 200w, https:\/\/dynamolab.umed.pl\/wp-content\/uploads\/2012\/08\/DSC_3780-685x1024.jpg 685w, https:\/\/dynamolab.umed.pl\/wp-content\/uploads\/2012\/08\/DSC_3780-600x896.jpg 600w\" sizes=\"auto, (max-width: 200px) 100vw, 200px\" \/><\/a> <a href=\"http:\/\/dynamolab.umed.pl\/wp-content\/uploads\/2012\/08\/DSC_3907.jpg\"><img loading=\"lazy\" decoding=\"async\" class=\"alignnone wp-image-278 size-medium\" title=\"DSC_3907\" src=\"http:\/\/dynamolab.umed.pl\/wp-content\/uploads\/2012\/08\/DSC_3907-200x300.jpg\" alt=\"BTS\" width=\"200\" height=\"300\" srcset=\"https:\/\/dynamolab.umed.pl\/wp-content\/uploads\/2012\/08\/DSC_3907-200x300.jpg 200w, https:\/\/dynamolab.umed.pl\/wp-content\/uploads\/2012\/08\/DSC_3907-685x1024.jpg 685w, https:\/\/dynamolab.umed.pl\/wp-content\/uploads\/2012\/08\/DSC_3907-600x896.jpg 600w\" sizes=\"auto, (max-width: 200px) 100vw, 200px\" \/><\/a><a href=\"http:\/\/dynamolab.umed.pl\/wp-content\/uploads\/2012\/08\/DSC_3780.jpg\"><br \/>\n<\/a><a href=\"http:\/\/dynamolab.umed.pl\/wp-content\/uploads\/2012\/08\/DSC_3906.jpg\"><img loading=\"lazy\" decoding=\"async\" class=\"aligncenter wp-image-279 size-medium\" title=\"DSC_3906\" src=\"http:\/\/dynamolab.umed.pl\/wp-content\/uploads\/2012\/08\/DSC_3906-300x200.jpg\" alt=\"Elektromiografia\" width=\"300\" height=\"200\" srcset=\"https:\/\/dynamolab.umed.pl\/wp-content\/uploads\/2012\/08\/DSC_3906-300x200.jpg 300w, https:\/\/dynamolab.umed.pl\/wp-content\/uploads\/2012\/08\/DSC_3906-1024x685.jpg 1024w, https:\/\/dynamolab.umed.pl\/wp-content\/uploads\/2012\/08\/DSC_3906-600x401.jpg 600w\" sizes=\"auto, (max-width: 300px) 100vw, 300px\" \/><\/a><a href=\"http:\/\/dynamolab.umed.pl\/wp-content\/uploads\/2012\/08\/DSC_3780.jpg\"><br \/>\n<\/a>Zestaw posiada mo\u017cliwo\u015b\u0107 rejestracji, synchronizacji i wsp\u00f3\u0142pracy z innymi urz\u0105dzeniami zewn\u0119trznymi (platformy dynamograficzne, system do kinetycznej analizy ruchu, modu\u0142 analizy video). System znajduje zastosowanie m.in. w rehabilitacji, neurologii, ortopedii, ergonomii i w sporcie.<\/p>\n<p>&nbsp;<a href=\"http:\/\/dynamolab.umed.pl\/wp-content\/uploads\/2012\/08\/P6261129.jpg\"><img loading=\"lazy\" decoding=\"async\" class=\"alignnone wp-image-342\" title=\"O\" src=\"http:\/\/dynamolab.umed.pl\/wp-content\/uploads\/2012\/08\/P6261129-225x300.jpg\" alt=\"Elektromiografia kinezjologiczna\" width=\"225\" height=\"300\" srcset=\"https:\/\/dynamolab.umed.pl\/wp-content\/uploads\/2012\/08\/P6261129-225x300.jpg 225w, https:\/\/dynamolab.umed.pl\/wp-content\/uploads\/2012\/08\/P6261129-768x1024.jpg 768w, https:\/\/dynamolab.umed.pl\/wp-content\/uploads\/2012\/08\/P6261129-600x800.jpg 600w\" sizes=\"auto, (max-width: 225px) 100vw, 225px\" \/><\/a>&nbsp;<a href=\"http:\/\/dynamolab.umed.pl\/wp-content\/uploads\/2012\/08\/DSC_4042.jpg\"><img loading=\"lazy\" decoding=\"async\" class=\"alignnone wp-image-344 size-medium\" title=\"DSC_4042\" src=\"http:\/\/dynamolab.umed.pl\/wp-content\/uploads\/2012\/08\/DSC_4042-200x300.jpg\" alt=\"bts\" width=\"200\" height=\"300\" srcset=\"https:\/\/dynamolab.umed.pl\/wp-content\/uploads\/2012\/08\/DSC_4042-200x300.jpg 200w, https:\/\/dynamolab.umed.pl\/wp-content\/uploads\/2012\/08\/DSC_4042-685x1024.jpg 685w, https:\/\/dynamolab.umed.pl\/wp-content\/uploads\/2012\/08\/DSC_4042-600x896.jpg 600w\" sizes=\"auto, (max-width: 200px) 100vw, 200px\" \/><\/a> <a href=\"http:\/\/dynamolab.umed.pl\/wp-content\/uploads\/2012\/08\/DSC_3787.jpg\"><img loading=\"lazy\" decoding=\"async\" class=\"alignnone wp-image-347 size-medium\" title=\"DSC_3787\" src=\"http:\/\/dynamolab.umed.pl\/wp-content\/uploads\/2012\/08\/DSC_3787-200x300.jpg\" alt=\"BTS FREEMG300\" width=\"200\" height=\"300\" srcset=\"https:\/\/dynamolab.umed.pl\/wp-content\/uploads\/2012\/08\/DSC_3787-200x300.jpg 200w, https:\/\/dynamolab.umed.pl\/wp-content\/uploads\/2012\/08\/DSC_3787-685x1024.jpg 685w, https:\/\/dynamolab.umed.pl\/wp-content\/uploads\/2012\/08\/DSC_3787-600x896.jpg 600w\" sizes=\"auto, (max-width: 200px) 100vw, 200px\" \/><\/a><a href=\"http:\/\/dynamolab.umed.pl\/wp-content\/uploads\/2012\/08\/P6261129.jpg\"><br \/>\n<\/a><a href=\"http:\/\/dynamolab.umed.pl\/wp-content\/uploads\/2012\/08\/P6261129.jpg\"><br \/>\n<\/a><\/p>\n","protected":false},"excerpt":{"rendered":"<p>BTS FREEMG300 to zestaw do analizy aktywno\u015bci mi\u0119\u015bniowej, w technologii mobilnej z systemem bezprzewodowej transmisji. System zawiera 16 kana\u0142\u00f3w dedykowanych do rejestracji sygna\u0142u EMG oraz kana\u0142y przeznaczone do pod\u0142\u0105czenia marker\u00f3w faz chodu (tzw. \u201efootswitch\u201d). &nbsp; Zestaw posiada mo\u017cliwo\u015b\u0107 rejestracji, synchronizacji i wsp\u00f3\u0142pracy z innymi urz\u0105dzeniami zewn\u0119trznymi (platformy dynamograficzne, system do kinetycznej analizy ruchu, modu\u0142 analizy<\/p>\n","protected":false},"author":7,"featured_media":0,"parent":0,"menu_order":0,"comment_status":"closed","ping_status":"closed","template":"","meta":{"ngg_post_thumbnail":0,"footnotes":""},"class_list":["post-34","page","type-page","status-publish","hentry"],"publishpress_future_action":{"enabled":false,"date":"2026-05-15 19:12:08","action":"change-status","newStatus":"draft","terms":[],"taxonomy":"","extraData":[]},"publishpress_future_workflow_manual_trigger":{"enabledWorkflows":[]},"_links":{"self":[{"href":"https:\/\/dynamolab.umed.pl\/index.php?rest_route=\/wp\/v2\/pages\/34","targetHints":{"allow":["GET"]}}],"collection":[{"href":"https:\/\/dynamolab.umed.pl\/index.php?rest_route=\/wp\/v2\/pages"}],"about":[{"href":"https:\/\/dynamolab.umed.pl\/index.php?rest_route=\/wp\/v2\/types\/page"}],"author":[{"embeddable":true,"href":"https:\/\/dynamolab.umed.pl\/index.php?rest_route=\/wp\/v2\/users\/7"}],"replies":[{"embeddable":true,"href":"https:\/\/dynamolab.umed.pl\/index.php?rest_route=%2Fwp%2Fv2%2Fcomments&post=34"}],"version-history":[{"count":16,"href":"https:\/\/dynamolab.umed.pl\/index.php?rest_route=\/wp\/v2\/pages\/34\/revisions"}],"predecessor-version":[{"id":935,"href":"https:\/\/dynamolab.umed.pl\/index.php?rest_route=\/wp\/v2\/pages\/34\/revisions\/935"}],"wp:attachment":[{"href":"https:\/\/dynamolab.umed.pl\/index.php?rest_route=%2Fwp%2Fv2%2Fmedia&parent=34"}],"curies":[{"name":"wp","href":"https:\/\/api.w.org\/{rel}","templated":true}]}}