{"id":36,"date":"2012-08-22T16:31:01","date_gmt":"2012-08-22T14:31:01","guid":{"rendered":"http:\/\/dynamolab.umed.pl\/?page_id=36"},"modified":"2021-06-08T15:00:46","modified_gmt":"2021-06-08T13:00:46","slug":"ocena-reakcji-sil-podloza","status":"publish","type":"page","link":"https:\/\/dynamolab.umed.pl\/?page_id=36","title":{"rendered":"Ocena reakcji si\u0142 pod\u0142o\u017ca"},"content":{"rendered":"<\/p>\n<p style=\"text-align: justify;\"><strong>Platformy <\/strong><strong>Kistler 9286BA<\/strong> stanowi\u0105 modu\u0142 do analizy kinetycznej wsp\u00f3\u0142pracuj\u0105cy z systemem kinematycznym.<\/p>\n<p style=\"text-align: justify;\"><a href=\"http:\/\/dynamolab.umed.pl\/wp-content\/uploads\/2012\/08\/IMG_0230.jpg\"><img loading=\"lazy\" decoding=\"async\" class=\"alignnone wp-image-287 size-medium\" title=\"IMG_0230\" src=\"http:\/\/dynamolab.umed.pl\/wp-content\/uploads\/2012\/08\/IMG_0230-300x200.jpg\" alt=\"Platforma Kistler 9286BA\" width=\"300\" height=\"200\" srcset=\"https:\/\/dynamolab.umed.pl\/wp-content\/uploads\/2012\/08\/IMG_0230-300x200.jpg 300w, https:\/\/dynamolab.umed.pl\/wp-content\/uploads\/2012\/08\/IMG_0230-1024x682.jpg 1024w, https:\/\/dynamolab.umed.pl\/wp-content\/uploads\/2012\/08\/IMG_0230-600x400.jpg 600w\" sizes=\"auto, (max-width: 300px) 100vw, 300px\" \/><\/a> <a href=\"http:\/\/dynamolab.umed.pl\/wp-content\/uploads\/2012\/08\/IMG_0235.jpg\"><img loading=\"lazy\" decoding=\"async\" class=\"alignnone wp-image-288\" title=\"IMG_0235\" src=\"http:\/\/dynamolab.umed.pl\/wp-content\/uploads\/2012\/08\/IMG_0235-300x200.jpg\" alt=\"platforma\" width=\"300\" height=\"200\" srcset=\"https:\/\/dynamolab.umed.pl\/wp-content\/uploads\/2012\/08\/IMG_0235-300x200.jpg 300w, https:\/\/dynamolab.umed.pl\/wp-content\/uploads\/2012\/08\/IMG_0235-1024x682.jpg 1024w, https:\/\/dynamolab.umed.pl\/wp-content\/uploads\/2012\/08\/IMG_0235-600x400.jpg 600w\" sizes=\"auto, (max-width: 300px) 100vw, 300px\" \/><\/a><\/p>\n<p style=\"text-align: justify;\">Zestaw zawiera oprogramowanie do analizy reakcji si\u0142 pod\u0142o\u017ca BTS DIGIVEC, pozwalaj\u0105ce na pe\u0142n\u0105 analiz\u0119 danych z platformy, z graficzn\u0105 i liczbow\u0105 prezentacj\u0105 uzyskanych danych. System umo\u017cliwia synchronizacj\u0119 uzyskanych danych w postaci graficznej z zarejestrowanym obrazem video, a tak\u017ce prezentacj\u0119 zarejestrowanych danych w postaci tzw. Vectogramu 3D we wszystkich p\u0142aszczyznach. Istnieje tak\u017ce mo\u017cliwo\u015b\u0107 eksportu danych w og\u00f3lnie przyj\u0119tych formatach do dalszej analizy statystycznej.<\/p>\n<p>&nbsp;<a href=\"http:\/\/dynamolab.umed.pl\/wp-content\/uploads\/2012\/08\/IMG_0242.jpg\"><img loading=\"lazy\" decoding=\"async\" class=\"size-medium wp-image-289 aligncenter\" title=\"IMG_0242\" src=\"http:\/\/dynamolab.umed.pl\/wp-content\/uploads\/2012\/08\/IMG_0242-300x200.jpg\" alt=\"\" width=\"300\" height=\"200\" srcset=\"https:\/\/dynamolab.umed.pl\/wp-content\/uploads\/2012\/08\/IMG_0242-300x200.jpg 300w, https:\/\/dynamolab.umed.pl\/wp-content\/uploads\/2012\/08\/IMG_0242-1024x682.jpg 1024w, https:\/\/dynamolab.umed.pl\/wp-content\/uploads\/2012\/08\/IMG_0242-600x400.jpg 600w\" sizes=\"auto, (max-width: 300px) 100vw, 300px\" \/><\/a><\/p><\/p>\n","protected":false},"excerpt":{"rendered":"<p>Platformy Kistler 9286BA stanowi\u0105 modu\u0142 do analizy kinetycznej wsp\u00f3\u0142pracuj\u0105cy z systemem kinematycznym. Zestaw zawiera oprogramowanie do analizy reakcji si\u0142 pod\u0142o\u017ca BTS DIGIVEC, pozwalaj\u0105ce na pe\u0142n\u0105 analiz\u0119 danych z platformy, z graficzn\u0105 i liczbow\u0105 prezentacj\u0105 uzyskanych danych. System umo\u017cliwia synchronizacj\u0119 uzyskanych danych w postaci graficznej z zarejestrowanym obrazem video, a tak\u017ce prezentacj\u0119 zarejestrowanych danych w postaci<\/p>\n","protected":false},"author":7,"featured_media":0,"parent":0,"menu_order":0,"comment_status":"closed","ping_status":"closed","template":"","meta":{"ngg_post_thumbnail":0,"footnotes":""},"class_list":["post-36","page","type-page","status-publish","hentry"],"publishpress_future_action":{"enabled":false,"date":"2026-05-20 17:26:59","action":"change-status","newStatus":"draft","terms":[],"taxonomy":"","extraData":[]},"publishpress_future_workflow_manual_trigger":{"enabledWorkflows":[]},"_links":{"self":[{"href":"https:\/\/dynamolab.umed.pl\/index.php?rest_route=\/wp\/v2\/pages\/36","targetHints":{"allow":["GET"]}}],"collection":[{"href":"https:\/\/dynamolab.umed.pl\/index.php?rest_route=\/wp\/v2\/pages"}],"about":[{"href":"https:\/\/dynamolab.umed.pl\/index.php?rest_route=\/wp\/v2\/types\/page"}],"author":[{"embeddable":true,"href":"https:\/\/dynamolab.umed.pl\/index.php?rest_route=\/wp\/v2\/users\/7"}],"replies":[{"embeddable":true,"href":"https:\/\/dynamolab.umed.pl\/index.php?rest_route=%2Fwp%2Fv2%2Fcomments&post=36"}],"version-history":[{"count":7,"href":"https:\/\/dynamolab.umed.pl\/index.php?rest_route=\/wp\/v2\/pages\/36\/revisions"}],"predecessor-version":[{"id":937,"href":"https:\/\/dynamolab.umed.pl\/index.php?rest_route=\/wp\/v2\/pages\/36\/revisions\/937"}],"wp:attachment":[{"href":"https:\/\/dynamolab.umed.pl\/index.php?rest_route=%2Fwp%2Fv2%2Fmedia&parent=36"}],"curies":[{"name":"wp","href":"https:\/\/api.w.org\/{rel}","templated":true}]}}