{"id":38,"date":"2012-08-22T16:33:25","date_gmt":"2012-08-22T14:33:25","guid":{"rendered":"http:\/\/dynamolab.umed.pl\/?page_id=38"},"modified":"2021-06-08T15:06:30","modified_gmt":"2021-06-08T13:06:30","slug":"posturografia","status":"publish","type":"page","link":"https:\/\/dynamolab.umed.pl\/?page_id=38","title":{"rendered":"Posturografia"},"content":{"rendered":"<\/p>\n<p style=\"text-align: justify;\"><strong>Posturografia<\/strong> opiera si\u0119 na rejestracji ruch\u00f3w wyr\u00f3wnawczych, kt\u00f3re s\u0105&nbsp; wykonywane w postawie wyprostnej. Badanie umo\u017cliwia obiektywn\u0105 ocen\u0119 uk\u0142adu r\u00f3wnowagi zar\u00f3wno statycznej jak i&nbsp; dynamicznej. Elementy wchodz\u0105ce w sk\u0142ad uk\u0142adu r\u00f3wnowagi: kontrola wzrokowa, uk\u0142ad przedsionkowy i propriocepcja s\u0105 badane jednocze\u015bnie. Do badania posturograficznego w DynamoLab wykorzystuje si\u0119:<\/p>\n<ul>\n<li style=\"text-align: justify;\"><strong>Bie\u017cni\u0119<\/strong><strong> Zebris FDM-THQ<\/strong>(na bazie H\/P\/Cosmos Quasar Med) z kamerami wideo &#8211; jest to kompleksowe urz\u0105dzenie, przeznaczone do obiektywnej oceny i treningu chodu oraz postawy, w warunkach statycznych i dynamicznych, poprzez wykorzystanie matrycy czujnik\u00f3w barorezystywnych, do analizy dystrybucji obci\u0105\u017cenia podczas lokomocji i statyki. Bie\u017cnia wraz z zintegrowan\u0105 matryc\u0105 zawieraj\u0105c\u0105 ponad 10&nbsp;000czujnik\u00f3w, tworzy powierzchni\u0119 pomiarow\u0105 o wymiarach ok. 135&#215;55 cm, pod pasem transmisyjnym bie\u017cni. Modu\u0142 statyczny oprogramowania, umo\u017cliwia analiz\u0119 rozk\u0142adu si\u0142 nacisku st\u00f3p na pod\u0142o\u017ce, podczas swobodnego stania pacjenta. Modu\u0142 dynamiczny oprogramowania, umo\u017cliwia analiz\u0119 rozk\u0142adu si\u0142 nacisku st\u00f3p na pod\u0142o\u017ce, w trakcie chodu czy biegu po platformie oraz analiz\u0119 poszczeg\u00f3lnych faz chodu.<a href=\"http:\/\/dynamolab.umed.pl\/wp-content\/uploads\/2012\/08\/P6261127.jpg\"><img loading=\"lazy\" decoding=\"async\" class=\"alignnone wp-image-366 size-medium\" title=\"O\" src=\"http:\/\/dynamolab.umed.pl\/wp-content\/uploads\/2012\/08\/P6261127-225x300.jpg\" alt=\"Bie\u017cnia Zebris FDM-THQ\" width=\"225\" height=\"300\" srcset=\"https:\/\/dynamolab.umed.pl\/wp-content\/uploads\/2012\/08\/P6261127-225x300.jpg 225w, https:\/\/dynamolab.umed.pl\/wp-content\/uploads\/2012\/08\/P6261127-768x1024.jpg 768w, https:\/\/dynamolab.umed.pl\/wp-content\/uploads\/2012\/08\/P6261127-600x800.jpg 600w\" sizes=\"auto, (max-width: 225px) 100vw, 225px\" \/><\/a> <a href=\"http:\/\/dynamolab.umed.pl\/wp-content\/uploads\/2012\/08\/DSC_3980.jpg\"><img loading=\"lazy\" decoding=\"async\" class=\"alignnone wp-image-298 size-medium\" title=\"DSC_3980\" src=\"http:\/\/dynamolab.umed.pl\/wp-content\/uploads\/2012\/08\/DSC_3980-200x300.jpg\" alt=\"Posturografia\" width=\"200\" height=\"300\" srcset=\"https:\/\/dynamolab.umed.pl\/wp-content\/uploads\/2012\/08\/DSC_3980-200x300.jpg 200w, https:\/\/dynamolab.umed.pl\/wp-content\/uploads\/2012\/08\/DSC_3980-685x1024.jpg 685w, https:\/\/dynamolab.umed.pl\/wp-content\/uploads\/2012\/08\/DSC_3980-600x896.jpg 600w\" sizes=\"auto, (max-width: 200px) 100vw, 200px\" \/><\/a><\/li>\n<li style=\"text-align: justify;\">&nbsp;<strong>ACCUPOWER<\/strong>\u2013 platforma dynamograficzna do oceny si\u0142 reakcji pod\u0142o\u017ca w warunkach funkcjonalnych, kt\u00f3ra daje tak\u017ce mo\u017cliwo\u015b\u0107 oceny przemieszczania \u015brodka ci\u0119\u017cko\u015bci.<a href=\"http:\/\/dynamolab.umed.pl\/wp-content\/uploads\/2012\/08\/IMG_0081.jpg\"><img loading=\"lazy\" decoding=\"async\" class=\"alignnone wp-image-302 size-medium\" title=\"IMG_0081\" src=\"http:\/\/dynamolab.umed.pl\/wp-content\/uploads\/2012\/08\/IMG_0081-200x300.jpg\" alt=\"ACCUPOWER\" width=\"200\" height=\"300\" srcset=\"https:\/\/dynamolab.umed.pl\/wp-content\/uploads\/2012\/08\/IMG_0081-200x300.jpg 200w, https:\/\/dynamolab.umed.pl\/wp-content\/uploads\/2012\/08\/IMG_0081-682x1024.jpg 682w, https:\/\/dynamolab.umed.pl\/wp-content\/uploads\/2012\/08\/IMG_0081-600x900.jpg 600w\" sizes=\"auto, (max-width: 200px) 100vw, 200px\" \/><\/a> <a href=\"http:\/\/dynamolab.umed.pl\/wp-content\/uploads\/2012\/08\/IMG_0077.jpg\"><img loading=\"lazy\" decoding=\"async\" class=\"alignnone wp-image-301 size-medium\" title=\"IMG_0077\" src=\"http:\/\/dynamolab.umed.pl\/wp-content\/uploads\/2012\/08\/IMG_0077-200x300.jpg\" alt=\"posturograf\" width=\"200\" height=\"300\" srcset=\"https:\/\/dynamolab.umed.pl\/wp-content\/uploads\/2012\/08\/IMG_0077-200x300.jpg 200w, https:\/\/dynamolab.umed.pl\/wp-content\/uploads\/2012\/08\/IMG_0077-682x1024.jpg 682w, https:\/\/dynamolab.umed.pl\/wp-content\/uploads\/2012\/08\/IMG_0077-600x900.jpg 600w\" sizes=\"auto, (max-width: 200px) 100vw, 200px\" \/><\/a><\/li>\n<\/ul>\n","protected":false},"excerpt":{"rendered":"<p>Posturografia opiera si\u0119 na rejestracji ruch\u00f3w wyr\u00f3wnawczych, kt\u00f3re s\u0105&nbsp; wykonywane w postawie wyprostnej. Badanie umo\u017cliwia obiektywn\u0105 ocen\u0119 uk\u0142adu r\u00f3wnowagi zar\u00f3wno statycznej jak i&nbsp; dynamicznej. Elementy wchodz\u0105ce w sk\u0142ad uk\u0142adu r\u00f3wnowagi: kontrola wzrokowa, uk\u0142ad przedsionkowy i propriocepcja s\u0105 badane jednocze\u015bnie. Do badania posturograficznego w DynamoLab wykorzystuje si\u0119: Bie\u017cni\u0119 Zebris FDM-THQ(na bazie H\/P\/Cosmos Quasar Med) z kamerami<\/p>\n","protected":false},"author":7,"featured_media":0,"parent":0,"menu_order":0,"comment_status":"closed","ping_status":"closed","template":"","meta":{"ngg_post_thumbnail":0,"footnotes":""},"class_list":["post-38","page","type-page","status-publish","hentry"],"publishpress_future_action":{"enabled":false,"date":"2026-04-11 00:54:52","action":"change-status","newStatus":"draft","terms":[],"taxonomy":"","extraData":[]},"publishpress_future_workflow_manual_trigger":{"enabledWorkflows":[]},"_links":{"self":[{"href":"https:\/\/dynamolab.umed.pl\/index.php?rest_route=\/wp\/v2\/pages\/38","targetHints":{"allow":["GET"]}}],"collection":[{"href":"https:\/\/dynamolab.umed.pl\/index.php?rest_route=\/wp\/v2\/pages"}],"about":[{"href":"https:\/\/dynamolab.umed.pl\/index.php?rest_route=\/wp\/v2\/types\/page"}],"author":[{"embeddable":true,"href":"https:\/\/dynamolab.umed.pl\/index.php?rest_route=\/wp\/v2\/users\/7"}],"replies":[{"embeddable":true,"href":"https:\/\/dynamolab.umed.pl\/index.php?rest_route=%2Fwp%2Fv2%2Fcomments&post=38"}],"version-history":[{"count":18,"href":"https:\/\/dynamolab.umed.pl\/index.php?rest_route=\/wp\/v2\/pages\/38\/revisions"}],"predecessor-version":[{"id":942,"href":"https:\/\/dynamolab.umed.pl\/index.php?rest_route=\/wp\/v2\/pages\/38\/revisions\/942"}],"wp:attachment":[{"href":"https:\/\/dynamolab.umed.pl\/index.php?rest_route=%2Fwp%2Fv2%2Fmedia&parent=38"}],"curies":[{"name":"wp","href":"https:\/\/api.w.org\/{rel}","templated":true}]}}