{"id":4,"date":"2012-08-22T15:21:24","date_gmt":"2012-08-22T13:21:24","guid":{"rendered":"http:\/\/dynamolab.umed.pl\/?page_id=4"},"modified":"2021-06-08T14:26:42","modified_gmt":"2021-06-08T12:26:42","slug":"dynamolab","status":"publish","type":"page","link":"https:\/\/dynamolab.umed.pl\/","title":{"rendered":"DynamoLab"},"content":{"rendered":"<\/p>\n<p style=\"text-align: justify;\"><strong>DynamoLab<\/strong> to nowy, kompleksowy o\u015brodek wysokospecjalistyczny w Europie, gdzie zgromadzono wszystkie niezb\u0119dne urz\u0105dzenia najwy\u017cszej klasy, pozwalaj\u0105ce na przeprowadzenie skomplikowanych bada\u0144 ruchowych oraz wydolno\u015bciowych w jednym miejscu. DynamoLab usytuowane jest w nowo otwartym Centrum Dydaktycznym Uniwersytetu Medycznego w \u0141odzi.<br \/>\n<strong><br \/>\n<a href=\"http:\/\/dynamolab.umed.pl\/wp-content\/uploads\/2012\/08\/IMG_0294.jpg\"><img loading=\"lazy\" decoding=\"async\" class=\"aligncenter wp-image-402 size-medium\" title=\"IMG_0294\" src=\"http:\/\/dynamolab.umed.pl\/wp-content\/uploads\/2012\/08\/IMG_0294-300x200.jpg\" alt=\"dynamo lab\" width=\"300\" height=\"200\" srcset=\"https:\/\/dynamolab.umed.pl\/wp-content\/uploads\/2012\/08\/IMG_0294-300x200.jpg 300w, https:\/\/dynamolab.umed.pl\/wp-content\/uploads\/2012\/08\/IMG_0294-1024x682.jpg 1024w, https:\/\/dynamolab.umed.pl\/wp-content\/uploads\/2012\/08\/IMG_0294-600x400.jpg 600w\" sizes=\"auto, (max-width: 300px) 100vw, 300px\" \/><\/a><\/strong><\/p><\/p>\n","protected":false},"excerpt":{"rendered":"<p>DynamoLab to nowy, kompleksowy o\u015brodek wysokospecjalistyczny w Europie, gdzie zgromadzono wszystkie niezb\u0119dne urz\u0105dzenia najwy\u017cszej klasy, pozwalaj\u0105ce na przeprowadzenie skomplikowanych bada\u0144 ruchowych oraz wydolno\u015bciowych w jednym miejscu. DynamoLab usytuowane jest w nowo otwartym Centrum Dydaktycznym Uniwersytetu Medycznego w \u0141odzi.<\/p>\n","protected":false},"author":7,"featured_media":0,"parent":0,"menu_order":0,"comment_status":"closed","ping_status":"closed","template":"","meta":{"ngg_post_thumbnail":0,"footnotes":""},"class_list":["post-4","page","type-page","status-publish","hentry"],"publishpress_future_action":{"enabled":false,"date":"2026-05-24 08:39:42","action":"change-status","newStatus":"draft","terms":[],"taxonomy":"","extraData":[]},"publishpress_future_workflow_manual_trigger":{"enabledWorkflows":[]},"_links":{"self":[{"href":"https:\/\/dynamolab.umed.pl\/index.php?rest_route=\/wp\/v2\/pages\/4","targetHints":{"allow":["GET"]}}],"collection":[{"href":"https:\/\/dynamolab.umed.pl\/index.php?rest_route=\/wp\/v2\/pages"}],"about":[{"href":"https:\/\/dynamolab.umed.pl\/index.php?rest_route=\/wp\/v2\/types\/page"}],"author":[{"embeddable":true,"href":"https:\/\/dynamolab.umed.pl\/index.php?rest_route=\/wp\/v2\/users\/7"}],"replies":[{"embeddable":true,"href":"https:\/\/dynamolab.umed.pl\/index.php?rest_route=%2Fwp%2Fv2%2Fcomments&post=4"}],"version-history":[{"count":13,"href":"https:\/\/dynamolab.umed.pl\/index.php?rest_route=\/wp\/v2\/pages\/4\/revisions"}],"predecessor-version":[{"id":929,"href":"https:\/\/dynamolab.umed.pl\/index.php?rest_route=\/wp\/v2\/pages\/4\/revisions\/929"}],"wp:attachment":[{"href":"https:\/\/dynamolab.umed.pl\/index.php?rest_route=%2Fwp%2Fv2%2Fmedia&parent=4"}],"curies":[{"name":"wp","href":"https:\/\/api.w.org\/{rel}","templated":true}]}}