{"id":40,"date":"2012-08-22T16:34:23","date_gmt":"2012-08-22T14:34:23","guid":{"rendered":"http:\/\/dynamolab.umed.pl\/?page_id=40"},"modified":"2021-06-08T15:15:08","modified_gmt":"2021-06-08T13:15:08","slug":"dynamometria","status":"publish","type":"page","link":"https:\/\/dynamolab.umed.pl\/?page_id=40","title":{"rendered":"Dynamometria"},"content":{"rendered":"<\/p>\n<p style=\"text-align: justify;\"><strong>Dynamometr&nbsp; PRIMUS RS<\/strong> umo\u017cliwia ocen\u0119 i trening koordynacji i si\u0142y mi\u0119\u015bniowej w warunkach:<br \/>\n&#8211; pracy izometrycznej,<br \/>\n&#8211; pracy izotonicznej (koncentrycznej i ekscentrycznej),<br \/>\n&#8211; pracy izokinetycznej (ekscentrycznej i koncentrycznej).<\/p>\n<p><a href=\"http:\/\/dynamolab.umed.pl\/wp-content\/uploads\/2012\/08\/DSC_3813.jpg\"><img loading=\"lazy\" decoding=\"async\" class=\"alignnone wp-image-322 size-medium\" title=\"DSC_3813\" src=\"http:\/\/dynamolab.umed.pl\/wp-content\/uploads\/2012\/08\/DSC_3813-200x300.jpg\" alt=\"Dynamometr&nbsp; PRIMUS RS\" width=\"200\" height=\"300\" srcset=\"https:\/\/dynamolab.umed.pl\/wp-content\/uploads\/2012\/08\/DSC_3813-200x300.jpg 200w, https:\/\/dynamolab.umed.pl\/wp-content\/uploads\/2012\/08\/DSC_3813-685x1024.jpg 685w, https:\/\/dynamolab.umed.pl\/wp-content\/uploads\/2012\/08\/DSC_3813-600x896.jpg 600w\" sizes=\"auto, (max-width: 200px) 100vw, 200px\" \/><\/a> <a href=\"http:\/\/dynamolab.umed.pl\/wp-content\/uploads\/2012\/08\/DSC_3944.jpg\"><img loading=\"lazy\" decoding=\"async\" class=\"alignnone wp-image-327 size-medium\" title=\"DSC_3944\" src=\"http:\/\/dynamolab.umed.pl\/wp-content\/uploads\/2012\/08\/DSC_3944-200x300.jpg\" alt=\"Dynamometr\" width=\"200\" height=\"300\" srcset=\"https:\/\/dynamolab.umed.pl\/wp-content\/uploads\/2012\/08\/DSC_3944-200x300.jpg 200w, https:\/\/dynamolab.umed.pl\/wp-content\/uploads\/2012\/08\/DSC_3944-685x1024.jpg 685w, https:\/\/dynamolab.umed.pl\/wp-content\/uploads\/2012\/08\/DSC_3944-600x896.jpg 600w\" sizes=\"auto, (max-width: 200px) 100vw, 200px\" \/><\/a> <a href=\"http:\/\/dynamolab.umed.pl\/wp-content\/uploads\/2012\/08\/DSC_4090.jpg\"><img loading=\"lazy\" decoding=\"async\" class=\"alignnone wp-image-330 size-medium\" title=\"DSC_4090\" src=\"http:\/\/dynamolab.umed.pl\/wp-content\/uploads\/2012\/08\/DSC_4090-200x300.jpg\" alt=\"Dynamometria\" width=\"200\" height=\"300\" srcset=\"https:\/\/dynamolab.umed.pl\/wp-content\/uploads\/2012\/08\/DSC_4090-200x300.jpg 200w, https:\/\/dynamolab.umed.pl\/wp-content\/uploads\/2012\/08\/DSC_4090-685x1024.jpg 685w, https:\/\/dynamolab.umed.pl\/wp-content\/uploads\/2012\/08\/DSC_4090-600x896.jpg 600w\" sizes=\"auto, (max-width: 200px) 100vw, 200px\" \/><\/a><\/p>\n<p style=\"text-align: justify;\">System&nbsp; pozwala na obiektywn\u0105 ocen\u0119 parametr\u00f3w szybko\u015bciowo-si\u0142owych dla najcz\u0119stszych czynno\u015bci funkcjonalnych. Dzi\u0119ki PRIMUS RS mo\u017cna prowadzi\u0107 tak\u017ce \u0107wiczenia bierne. Dynamometr, posiada skal\u0119, w celu uzyskania powtarzalno\u015bci ustawienia urz\u0105dzenia, dla potrzeb bada\u0144 naukowych.<\/p>\n<p><a href=\"http:\/\/dynamolab.umed.pl\/wp-content\/uploads\/2012\/08\/DSC_3885.jpg\"><img loading=\"lazy\" decoding=\"async\" class=\"alignnone wp-image-323 size-medium\" title=\"DSC_3885\" src=\"http:\/\/dynamolab.umed.pl\/wp-content\/uploads\/2012\/08\/DSC_3885-200x300.jpg\" alt=\"system dynamometr\" width=\"200\" height=\"300\" srcset=\"https:\/\/dynamolab.umed.pl\/wp-content\/uploads\/2012\/08\/DSC_3885-200x300.jpg 200w, https:\/\/dynamolab.umed.pl\/wp-content\/uploads\/2012\/08\/DSC_3885-685x1024.jpg 685w, https:\/\/dynamolab.umed.pl\/wp-content\/uploads\/2012\/08\/DSC_3885-600x896.jpg 600w\" sizes=\"auto, (max-width: 200px) 100vw, 200px\" \/><\/a> <a href=\"http:\/\/dynamolab.umed.pl\/wp-content\/uploads\/2012\/08\/DSC_3959.jpg\"><img loading=\"lazy\" decoding=\"async\" class=\"alignnone wp-image-328 size-medium\" title=\"DSC_3959\" src=\"http:\/\/dynamolab.umed.pl\/wp-content\/uploads\/2012\/08\/DSC_3959-200x300.jpg\" alt=\"Dynamometr&nbsp; PRIMUS RS\" width=\"200\" height=\"300\" srcset=\"https:\/\/dynamolab.umed.pl\/wp-content\/uploads\/2012\/08\/DSC_3959-200x300.jpg 200w, https:\/\/dynamolab.umed.pl\/wp-content\/uploads\/2012\/08\/DSC_3959-685x1024.jpg 685w, https:\/\/dynamolab.umed.pl\/wp-content\/uploads\/2012\/08\/DSC_3959-600x896.jpg 600w\" sizes=\"auto, (max-width: 200px) 100vw, 200px\" \/><\/a> <a href=\"http:\/\/dynamolab.umed.pl\/wp-content\/uploads\/2012\/08\/DSC_3943.jpg\"><img loading=\"lazy\" decoding=\"async\" class=\"alignnone wp-image-326 size-medium\" title=\"DSC_3943\" src=\"http:\/\/dynamolab.umed.pl\/wp-content\/uploads\/2012\/08\/DSC_3943-200x300.jpg\" alt=\"Dynamometria\" width=\"200\" height=\"300\" srcset=\"https:\/\/dynamolab.umed.pl\/wp-content\/uploads\/2012\/08\/DSC_3943-200x300.jpg 200w, https:\/\/dynamolab.umed.pl\/wp-content\/uploads\/2012\/08\/DSC_3943-685x1024.jpg 685w, https:\/\/dynamolab.umed.pl\/wp-content\/uploads\/2012\/08\/DSC_3943-600x896.jpg 600w\" sizes=\"auto, (max-width: 200px) 100vw, 200px\" \/><\/a><\/p>\n<p style=\"text-align: justify;\">System zapewnia:<br \/>\n&#8211; przygotowanie raportu oceniaj\u0105cego post\u0119p pacjenta na podstawie przeprowadzonych bada\u0144,<br \/>\n&#8211; mo\u017cliwo\u015b\u0107 precyzyjnego ustawienia parametr\u00f3w zwi\u0105zanych z testowanym\/\u0107wiczonym ruchem, w tym pomiaru ci\u0119\u017caru segmentu cia\u0142a, dla kalkulacji dynamicznych parametr\u00f3w ruchu,<br \/>\n&#8211; mo\u017cliwo\u015b\u0107 generowania raport\u00f3w na podstawie parametr\u00f3w por\u00f3wnawczych r\u00f3\u017cnych bada\u0144 (np. ocena post\u0119pu, ocena ko\u0144czyny prawej i lewej), z danymi normatywnymi dla poszczeg\u00f3lnych grup wiekowych i p\u0142ci,<br \/>\n&#8211; mo\u017cliwo\u015b\u0107 uzyskania informacji zwrotnej w trakcie \u0107wiczenia, w celu optymalizacji wynik\u00f3w (biofeedback),<br \/>\n&#8211; mo\u017cliwo\u015b\u0107 zmiany zadanego obci\u0105\u017cenia w trakcie prowadzonej sesji rehabilitacyjnej.<\/p><\/p>\n","protected":false},"excerpt":{"rendered":"<p>Dynamometr&nbsp; PRIMUS RS umo\u017cliwia ocen\u0119 i trening koordynacji i si\u0142y mi\u0119\u015bniowej w warunkach: &#8211; pracy izometrycznej, &#8211; pracy izotonicznej (koncentrycznej i ekscentrycznej), &#8211; pracy izokinetycznej (ekscentrycznej i koncentrycznej). System&nbsp; pozwala na obiektywn\u0105 ocen\u0119 parametr\u00f3w szybko\u015bciowo-si\u0142owych dla najcz\u0119stszych czynno\u015bci funkcjonalnych. Dzi\u0119ki PRIMUS RS mo\u017cna prowadzi\u0107 tak\u017ce \u0107wiczenia bierne. Dynamometr, posiada skal\u0119, w celu uzyskania powtarzalno\u015bci ustawienia<\/p>\n","protected":false},"author":7,"featured_media":0,"parent":0,"menu_order":0,"comment_status":"closed","ping_status":"closed","template":"","meta":{"ngg_post_thumbnail":0,"footnotes":""},"class_list":["post-40","page","type-page","status-publish","hentry"],"publishpress_future_action":{"enabled":false,"date":"2026-05-20 16:44:49","action":"change-status","newStatus":"draft","terms":[],"taxonomy":"","extraData":[]},"publishpress_future_workflow_manual_trigger":{"enabledWorkflows":[]},"_links":{"self":[{"href":"https:\/\/dynamolab.umed.pl\/index.php?rest_route=\/wp\/v2\/pages\/40","targetHints":{"allow":["GET"]}}],"collection":[{"href":"https:\/\/dynamolab.umed.pl\/index.php?rest_route=\/wp\/v2\/pages"}],"about":[{"href":"https:\/\/dynamolab.umed.pl\/index.php?rest_route=\/wp\/v2\/types\/page"}],"author":[{"embeddable":true,"href":"https:\/\/dynamolab.umed.pl\/index.php?rest_route=\/wp\/v2\/users\/7"}],"replies":[{"embeddable":true,"href":"https:\/\/dynamolab.umed.pl\/index.php?rest_route=%2Fwp%2Fv2%2Fcomments&post=40"}],"version-history":[{"count":11,"href":"https:\/\/dynamolab.umed.pl\/index.php?rest_route=\/wp\/v2\/pages\/40\/revisions"}],"predecessor-version":[{"id":948,"href":"https:\/\/dynamolab.umed.pl\/index.php?rest_route=\/wp\/v2\/pages\/40\/revisions\/948"}],"wp:attachment":[{"href":"https:\/\/dynamolab.umed.pl\/index.php?rest_route=%2Fwp%2Fv2%2Fmedia&parent=40"}],"curies":[{"name":"wp","href":"https:\/\/api.w.org\/{rel}","templated":true}]}}