{"id":60,"date":"2012-08-22T16:48:23","date_gmt":"2012-08-22T14:48:23","guid":{"rendered":"http:\/\/dynamolab.umed.pl\/?page_id=60"},"modified":"2012-08-22T16:48:23","modified_gmt":"2012-08-22T14:48:23","slug":"bodypletyzmografia","status":"publish","type":"page","link":"https:\/\/dynamolab.umed.pl\/?page_id=60","title":{"rendered":"Bodypletyzmografia"},"content":{"rendered":"<p>Kabina pletyzmograficzna<strong> <\/strong>(Body plethysmograph <strong>Elite Platinum DX<\/strong>)<strong> <\/strong>z analiz\u0105 dyfuzji i obj\u0119to\u015bci p\u0142uc metod\u0105 washout zapewnia kompletny zestaw test\u00f3w diagnostycznych, obejmuj\u0105cych r\u00f3wnie\u017c oporno\u015b\u0107 dr\u00f3g oddechowych i ca\u0142kowit\u0105 obj\u0119to\u015b\u0107 p\u0142uc, co umo\u017cliwia dok\u0142adne badanie pacjenta. Kabina wyposa\u017cona jest w automatyczn\u0105 kontrol\u0119 wiarygodno\u015bci i poprawno\u015bci wykonanego badania spirometrycznego zgodnie z zaleceniami ERS\/ATS.<strong> <\/strong>Budowa urz\u0105dzenia pozwala r\u00f3wnie\u017c na wykonywanie pe\u0142nych bada\u0144 spirometrycznych, dyfuzyjnych i TGV () u pacjent\u00f3w na w\u00f3zku inwalidzkim (bez konieczno\u015bci jego opuszczania) oraz u dzieci. Urz\u0105dzenie umo\u017cliwia badanie TLC (ca\u0142kowitej pojemno\u015bci p\u0142uc), DLCO (pojemno\u015bci dyfuzyjna p\u0142uc dla tlenku w\u0119gla), Raw (oporno\u015bci dr\u00f3g oddechowych), kondunktacji, krzywych przep\u0142yw\u00f3w, krzywych przep\u0142yw\u00f3w oddechowych oraz maksymalnych ci\u015bnie\u0144 wdechowych i wydechowych, pr\u00f3b prowokacyjnych i rozkurczowych.<\/p>\n","protected":false},"excerpt":{"rendered":"<p>Kabina pletyzmograficzna (Body plethysmograph Elite Platinum DX) z analiz\u0105 dyfuzji i obj\u0119to\u015bci p\u0142uc metod\u0105 washout zapewnia kompletny zestaw test\u00f3w diagnostycznych, obejmuj\u0105cych r\u00f3wnie\u017c oporno\u015b\u0107 dr\u00f3g oddechowych i ca\u0142kowit\u0105 obj\u0119to\u015b\u0107 p\u0142uc, co umo\u017cliwia dok\u0142adne badanie pacjenta. Kabina wyposa\u017cona jest w automatyczn\u0105 kontrol\u0119 wiarygodno\u015bci i poprawno\u015bci wykonanego badania spirometrycznego zgodnie z zaleceniami ERS\/ATS. Budowa urz\u0105dzenia pozwala r\u00f3wnie\u017c na<\/p>\n","protected":false},"author":7,"featured_media":0,"parent":0,"menu_order":0,"comment_status":"open","ping_status":"open","template":"","meta":{"ngg_post_thumbnail":0,"footnotes":""},"class_list":["post-60","page","type-page","status-publish","hentry"],"publishpress_future_action":{"enabled":false,"date":"2026-05-21 17:22:25","action":"change-status","newStatus":"draft","terms":[],"taxonomy":"","extraData":[]},"publishpress_future_workflow_manual_trigger":{"enabledWorkflows":[]},"_links":{"self":[{"href":"https:\/\/dynamolab.umed.pl\/index.php?rest_route=\/wp\/v2\/pages\/60","targetHints":{"allow":["GET"]}}],"collection":[{"href":"https:\/\/dynamolab.umed.pl\/index.php?rest_route=\/wp\/v2\/pages"}],"about":[{"href":"https:\/\/dynamolab.umed.pl\/index.php?rest_route=\/wp\/v2\/types\/page"}],"author":[{"embeddable":true,"href":"https:\/\/dynamolab.umed.pl\/index.php?rest_route=\/wp\/v2\/users\/7"}],"replies":[{"embeddable":true,"href":"https:\/\/dynamolab.umed.pl\/index.php?rest_route=%2Fwp%2Fv2%2Fcomments&post=60"}],"version-history":[{"count":0,"href":"https:\/\/dynamolab.umed.pl\/index.php?rest_route=\/wp\/v2\/pages\/60\/revisions"}],"wp:attachment":[{"href":"https:\/\/dynamolab.umed.pl\/index.php?rest_route=%2Fwp%2Fv2%2Fmedia&parent=60"}],"curies":[{"name":"wp","href":"https:\/\/api.w.org\/{rel}","templated":true}]}}