{"id":80,"date":"2012-08-22T17:02:25","date_gmt":"2012-08-22T15:02:25","guid":{"rendered":"http:\/\/dynamolab.umed.pl\/?page_id=80"},"modified":"2024-11-14T09:32:39","modified_gmt":"2024-11-14T08:32:39","slug":"kontakt","status":"publish","type":"page","link":"https:\/\/dynamolab.umed.pl\/?page_id=80","title":{"rendered":"Kontakt"},"content":{"rendered":"<p>Uczelniane Laboratorium Ruchu i Wydolno\u015bci Fizycznej Cz\u0142owieka<br \/>\nUniwersytetu Medycznego w \u0141odzi<\/p>\n<p>92-216 \u0141\u00f3d\u017a<br \/>\nul. Pomorska 251<br \/>\ntel. 42&nbsp;272 57 76<br \/>\ne-mail: <a href=\"mailto:dynamolabumed@gmail.com\">dynamolab@umed.lodz.pl<\/a><\/p>\n<p><strong>Zesp\u00f3\u0142<\/strong><\/p>\n<ul>\n<li>p.o. Kierownika<br \/>\ndr n. med. Gianluca Padula<br \/>\ntel. +48&nbsp;502&nbsp;447 587<a href=\"mailto:gianluca.padula@umed.lodz.pl\"><br \/>\ngianluca.padula@umed.lodz.pl<\/a><\/li>\n<\/ul>\n<ul>\n<li>dr n. med. in\u017c. Magdalena Fronczek<a href=\"mailto:magdalena.fronczek-wojciechowska@umed.lodz.pl\"><br \/>\nmagdalena.fronczek-wojciechowska@umed.lodz.pl<\/a><\/li>\n<\/ul>\n<ul>\n<li>dr n. med. Karolina Kopacz<a href=\"mailto:karolina.kopacz@umed.lodz.pl\"><br \/>\nkarolina.kopacz@umed.lodz.pl<\/a><\/li>\n<\/ul>\n<ul>\n<li>mgr Aleksandra Czechowska<br \/>\n<a href=\"mailto:aleksandra.czechowska@umed.lodz.pl\">aleksandra.czechowska@umed.lodz.pl<\/a><\/li>\n<\/ul>\n<ul>\n<li>lek. Szymon Ga\u0142czy\u0144ski<br \/>\n<a href=\"mailto:szymon.galczynski@umed.lodz.pl\">szymon.galczynski@umed.lodz.pl<\/a><\/li>\n<\/ul>\n<ul>\n<li>lek. Piotr Kosielski<a href=\"mailto:piotr.kosielski@umed.lodz.pl\"><br \/>\npiotr.kosielski@umed.lodz.pl<\/a><\/li>\n<\/ul>\n<ul>\n<li>mgr Pawe\u0142 Meissner<a href=\"mailto:pawel.meissner@umed.lodz.pl\"><br \/>\npawel.meissner@umed.lodz.pl<\/a><\/li>\n<\/ul>\n<p><strong>Nasza lokalizacja<\/strong><\/p>\n<div style=\"border: 1px solid #cccccc; padding: 2px;\"><iframe loading=\"lazy\" src=\"https:\/\/maps.google.pl\/maps?f=q&amp;source=s_q&amp;hl=pl&amp;geocode=&amp;q=92-216+%C5%82%C3%B3d%C5%BA,+pomorska+251&amp;aq=&amp;sll=51.775229,19.504278&amp;sspn=0.010077,0.01929&amp;ie=UTF8&amp;hq=&amp;hnear=Pomorska+251,+%C5%81%C3%B3d%C5%BA,+%C5%82%C3%B3dzkie&amp;t=m&amp;ll=51.775229,19.504278&amp;spn=0.004647,0.013304&amp;z=16&amp;output=embed\" marginwidth=\"0\" marginheight=\"0\" scrolling=\"no\" width=\"640\" height=\"400\" frameborder=\"0\"><\/iframe><br \/>\n<small><a style=\"color: #0000ff; text-align: left;\" href=\"https:\/\/maps.google.pl\/maps?f=q&amp;source=embed&amp;hl=pl&amp;geocode=&amp;q=92-216+%C5%82%C3%B3d%C5%BA,+pomorska+251&amp;aq=&amp;sll=51.775229,19.504278&amp;sspn=0.010077,0.01929&amp;ie=UTF8&amp;hq=&amp;hnear=Pomorska+251,+%C5%81%C3%B3d%C5%BA,+%C5%82%C3%B3dzkie&amp;t=m&amp;ll=51.775229,19.504278&amp;spn=0.004647,0.013304&amp;z=16\">Wy\u015bwietl wi\u0119ksz\u0105 map\u0119<\/a><\/small><\/div><\/p>\n","protected":false},"excerpt":{"rendered":"<p>Uczelniane Laboratorium Ruchu i Wydolno\u015bci Fizycznej Cz\u0142owieka Uniwersytetu Medycznego w \u0141odzi 92-216 \u0141\u00f3d\u017a ul. Pomorska 251 tel. 42&nbsp;272 57 76 e-mail: dynamolab@umed.lodz.pl Zesp\u00f3\u0142 p.o. Kierownika dr n. med. Gianluca Padula tel. +48&nbsp;502&nbsp;447 587 gianluca.padula@umed.lodz.pl dr n. med. in\u017c. Magdalena Fronczek magdalena.fronczek-wojciechowska@umed.lodz.pl dr n. med. Karolina Kopacz karolina.kopacz@umed.lodz.pl mgr Aleksandra Czechowska aleksandra.czechowska@umed.lodz.pl lek. Szymon Ga\u0142czy\u0144ski szymon.galczynski@umed.lodz.pl<\/p>\n","protected":false},"author":7,"featured_media":0,"parent":0,"menu_order":0,"comment_status":"closed","ping_status":"closed","template":"","meta":{"ngg_post_thumbnail":0,"footnotes":""},"class_list":["post-80","page","type-page","status-publish","hentry"],"publishpress_future_action":{"enabled":false,"date":"2026-04-14 00:15:56","action":"change-status","newStatus":"draft","terms":[],"taxonomy":"","extraData":[]},"publishpress_future_workflow_manual_trigger":{"enabledWorkflows":[]},"_links":{"self":[{"href":"https:\/\/dynamolab.umed.pl\/index.php?rest_route=\/wp\/v2\/pages\/80","targetHints":{"allow":["GET"]}}],"collection":[{"href":"https:\/\/dynamolab.umed.pl\/index.php?rest_route=\/wp\/v2\/pages"}],"about":[{"href":"https:\/\/dynamolab.umed.pl\/index.php?rest_route=\/wp\/v2\/types\/page"}],"author":[{"embeddable":true,"href":"https:\/\/dynamolab.umed.pl\/index.php?rest_route=\/wp\/v2\/users\/7"}],"replies":[{"embeddable":true,"href":"https:\/\/dynamolab.umed.pl\/index.php?rest_route=%2Fwp%2Fv2%2Fcomments&post=80"}],"version-history":[{"count":44,"href":"https:\/\/dynamolab.umed.pl\/index.php?rest_route=\/wp\/v2\/pages\/80\/revisions"}],"predecessor-version":[{"id":1107,"href":"https:\/\/dynamolab.umed.pl\/index.php?rest_route=\/wp\/v2\/pages\/80\/revisions\/1107"}],"wp:attachment":[{"href":"https:\/\/dynamolab.umed.pl\/index.php?rest_route=%2Fwp%2Fv2%2Fmedia&parent=80"}],"curies":[{"name":"wp","href":"https:\/\/api.w.org\/{rel}","templated":true}]}}